{"id":1012,"date":"2025-06-14T10:28:44","date_gmt":"2025-06-14T08:28:44","guid":{"rendered":"https:\/\/www.novakitchenconcept.com\/?page_id=1012"},"modified":"2025-06-20T09:10:24","modified_gmt":"2025-06-20T07:10:24","slug":"aviso-legal","status":"publish","type":"page","link":"https:\/\/www.novakitchenconcept.com\/en\/aviso-legal\/","title":{"rendered":"Legal Notice"},"content":{"rendered":"\t\t<div data-elementor-type=\"wp-page\" data-elementor-id=\"1012\" class=\"elementor elementor-1012\" data-elementor-post-type=\"page\">\n\t\t\t\t<div class=\"elementor-element elementor-element-5f8dd6e e-flex e-con-boxed e-con e-parent\" data-id=\"5f8dd6e\" data-element_type=\"container\" data-e-type=\"container\">\n\t\t\t\t\t<div class=\"e-con-inner\">\n\t\t\t\t\t<\/div>\n\t\t\t\t<\/div>\n\t\t<div class=\"elementor-element elementor-element-fb48518 e-flex e-con-boxed e-con e-parent\" data-id=\"fb48518\" data-element_type=\"container\" data-e-type=\"container\">\n\t\t\t\t\t<div class=\"e-con-inner\">\n\t\t<div class=\"elementor-element elementor-element-5cf3518 e-con-full e-flex e-con e-child\" data-id=\"5cf3518\" data-element_type=\"container\" data-e-type=\"container\">\n\t\t\t\t<\/div>\n\t\t<div class=\"elementor-element elementor-element-42409fc e-con-full e-flex e-con e-child\" data-id=\"42409fc\" data-element_type=\"container\" data-e-type=\"container\">\n\t\t\t\t<div class=\"elementor-element elementor-element-2ddd0d4 elementor-widget elementor-widget-heading\" data-id=\"2ddd0d4\" data-element_type=\"widget\" data-e-type=\"widget\" data-widget_type=\"heading.default\">\n\t\t\t\t<div class=\"elementor-widget-container\">\n\t\t\t\t\t<h2 class=\"elementor-heading-title elementor-size-default\">AVISO LEGAL<\/h2>\t\t\t\t<\/div>\n\t\t\t\t<\/div>\n\t\t\t\t<div class=\"elementor-element elementor-element-ad81985 elementor-widget elementor-widget-text-editor\" data-id=\"ad81985\" data-element_type=\"widget\" data-e-type=\"widget\" data-widget_type=\"text-editor.default\">\n\t\t\t\t<div class=\"elementor-widget-container\">\n\t\t\t\t\t\t\t\t\t<p data-start=\"185\" data-end=\"440\">El sitio web <a class=\"\" href=\"http:\/\/www.novakitchenconcept.com\" target=\"_new\" rel=\"noopener\" data-start=\"198\" data-end=\"224\">www.novakitchenconcept.com<\/a> (en adelante, el \u201cSitio Web\u201d) es propiedad de <strong data-start=\"271\" data-end=\"300\">NOVA CONCEPT INVEST, S.L.<\/strong> (en adelante, la \u201cEMPRESA\u201d), con domicilio social en <strong data-start=\"354\" data-end=\"418\">Av. de Andaluc\u00eda, 130 &#8211; 4\u00b0 J Esc. 2, 29680 Estepona (M\u00e1laga)<\/strong> y <strong data-start=\"421\" data-end=\"439\">CIF: B13799184<\/strong>.<\/p><p data-start=\"442\" data-end=\"820\">La EMPRESA le da la bienvenida y le invita a leer atentamente las Condiciones Generales de Uso de este Sitio Web (en adelante, \u201cCondiciones Generales de Uso\u201d), que describen los t\u00e9rminos y condiciones aplicables a su navegaci\u00f3n conforme a la normativa espa\u00f1ola vigente. La EMPRESA se reserva el derecho a modificarlas, por lo que se recomienda revisar este texto peri\u00f3dicamente.<\/p><p data-start=\"822\" data-end=\"1017\">Si tienes cualquier duda, sugerencia o consulta sobre las Condiciones Generales de Uso, puedes contactar a la EMPRESA en el correo: [info<a class=\"cursor-pointer\" rel=\"noopener\">@novakitchenconcept.com<\/a>]\u00a0<\/p><ol data-start=\"1019\" data-end=\"2769\"><li data-start=\"1019\" data-end=\"1245\"><p data-start=\"1022\" data-end=\"1245\"><strong data-start=\"1022\" data-end=\"1032\">Objeto<\/strong><br \/>Este sitio ofrece contenidos y servicios relacionados con el dise\u00f1o de cocinas a medida, asesoramiento personalizado y proyectos de interiorismo. Su acceso implica la aceptaci\u00f3n sin reservas de estas condiciones.<\/p><\/li><li data-start=\"1247\" data-end=\"1417\"><p data-start=\"1250\" data-end=\"1417\"><strong data-start=\"1250\" data-end=\"1263\">Servicios<\/strong><br \/>Informaci\u00f3n sobre la empresa, contacto, productos y servicios ofrecidos, presupuestos personalizados, y acceso a sus canales oficiales en redes sociales.<\/p><\/li><li data-start=\"1419\" data-end=\"1585\"><p data-start=\"1422\" data-end=\"1585\"><strong data-start=\"1422\" data-end=\"1445\">Protecci\u00f3n de Datos<\/strong><br \/>La EMPRESA garantiza el cumplimiento del RGPD y de la LOPDGDD. Puedes consultar nuestra Pol\u00edtica de Privacidad en [enlace correspondiente].<\/p><\/li><li data-start=\"1587\" data-end=\"1798\"><p data-start=\"1590\" data-end=\"1798\"><strong data-start=\"1590\" data-end=\"1615\">Propiedad Intelectual<\/strong><br \/>Todos los contenidos del Sitio Web (textos, im\u00e1genes, logotipos, etc.) est\u00e1n protegidos por derechos de propiedad intelectual. Queda prohibida su reproducci\u00f3n o uso sin autorizaci\u00f3n.<\/p><\/li><li data-start=\"1800\" data-end=\"1980\"><p data-start=\"1803\" data-end=\"1980\"><strong data-start=\"1803\" data-end=\"1824\">Uso del Sitio Web<\/strong><br \/>El usuario se compromete a hacer un uso adecuado, l\u00edcito y respetuoso de los contenidos. No se permite alterar, copiar o distribuir contenidos sin permiso.<\/p><\/li><li data-start=\"1982\" data-end=\"2154\"><p data-start=\"1985\" data-end=\"2154\"><strong data-start=\"1985\" data-end=\"2004\">Responsabilidad<\/strong><br \/>La EMPRESA no se hace responsable por da\u00f1os derivados del uso del Sitio Web, interrupciones, virus, errores t\u00e9cnicos, o enlaces a sitios de terceros.<\/p><\/li><li data-start=\"2156\" data-end=\"2304\"><p data-start=\"2159\" data-end=\"2304\"><strong data-start=\"2159\" data-end=\"2170\">Enlaces<\/strong><br \/>El Sitio Web puede contener hiperv\u00ednculos a otros sitios. La EMPRESA no se responsabiliza de los contenidos de estos sitios externos.<\/p><\/li><li data-start=\"2306\" data-end=\"2394\"><p data-start=\"2309\" data-end=\"2394\"><strong data-start=\"2309\" data-end=\"2320\">Cookies<\/strong><br \/>Puedes consultar nuestra Pol\u00edtica de Cookies en [enlace correspondiente].<\/p><\/li><li data-start=\"2396\" data-end=\"2539\"><p data-start=\"2399\" data-end=\"2539\"><strong data-start=\"2399\" data-end=\"2425\">Duraci\u00f3n y Terminaci\u00f3n<\/strong><br \/>La EMPRESA puede suspender o terminar el acceso al Sitio Web en cualquier momento, sin necesidad de previo aviso.<\/p><\/li><li data-start=\"2541\" data-end=\"2769\"><p data-start=\"2545\" data-end=\"2769\"><strong data-start=\"2545\" data-end=\"2575\">Legislaci\u00f3n y Jurisdicci\u00f3n<\/strong><br \/>Estas condiciones se rigen por la legislaci\u00f3n espa\u00f1ola. En caso de litigio, las partes se someter\u00e1n a los juzgados y tribunales del domicilio del consumidor, o, en su defecto, al de la EMPRESA.<\/p><\/li><\/ol>\t\t\t\t\t\t\t\t<\/div>\n\t\t\t\t<\/div>\n\t\t\t\t<\/div>\n\t\t<div class=\"elementor-element elementor-element-7e0580c e-con-full e-flex e-con e-child\" data-id=\"7e0580c\" data-element_type=\"container\" data-e-type=\"container\">\n\t\t\t\t<\/div>\n\t\t\t\t\t<\/div>\n\t\t\t\t<\/div>\n\t\t\t\t<\/div>\n\t\t","protected":false},"excerpt":{"rendered":"<p>AVISO LEGAL El sitio web www.novakitchenconcept.com (en adelante, el \u201cSitio Web\u201d) es propiedad de NOVA CONCEPT INVEST, S.L. (en adelante, la \u201cEMPRESA\u201d), con domicilio social en Av. de Andaluc\u00eda, 130 &#8211; 4\u00b0 J Esc. 2, 29680 Estepona (M\u00e1laga) y CIF: B13799184. La EMPRESA le da la bienvenida y le invita a leer atentamente las Condiciones [&hellip;]<\/p>\n","protected":false},"author":1,"featured_media":0,"parent":0,"menu_order":0,"comment_status":"closed","ping_status":"closed","template":"elementor_header_footer","meta":{"footnotes":""},"class_list":["post-1012","page","type-page","status-publish","hentry"],"yoast_head":"<!-- This site is optimized with the Yoast SEO plugin v27.1.1 - https:\/\/yoast.com\/product\/yoast-seo-wordpress\/ -->\n<title>Aviso Legal - Dise\u00f1o de cocinas en Marbella<\/title>\n<meta name=\"robots\" content=\"noindex, nofollow\" \/>\n<meta property=\"og:locale\" content=\"en_GB\" \/>\n<meta property=\"og:type\" content=\"article\" \/>\n<meta property=\"og:title\" content=\"Aviso Legal - Dise\u00f1o de cocinas en Marbella\" \/>\n<meta property=\"og:description\" content=\"AVISO LEGAL El sitio web www.novakitchenconcept.com (en adelante, el \u201cSitio Web\u201d) es propiedad de NOVA CONCEPT INVEST, S.L. (en adelante, la \u201cEMPRESA\u201d), con domicilio social en Av. de Andaluc\u00eda, 130 &#8211; 4\u00b0 J Esc. 2, 29680 Estepona (M\u00e1laga) y CIF: B13799184. La EMPRESA le da la bienvenida y le invita a leer atentamente las Condiciones [&hellip;]\" \/>\n<meta property=\"og:url\" content=\"https:\/\/www.novakitchenconcept.com\/en\/aviso-legal\/\" \/>\n<meta property=\"og:site_name\" content=\"Dise\u00f1o de cocinas en Marbella\" \/>\n<meta property=\"article:modified_time\" content=\"2025-06-20T07:10:24+00:00\" \/>\n<meta name=\"twitter:card\" content=\"summary_large_image\" \/>\n<meta name=\"twitter:label1\" content=\"Estimated reading time\" \/>\n\t<meta name=\"twitter:data1\" content=\"2 minutes\" \/>\n<script type=\"application\/ld+json\" class=\"yoast-schema-graph\">{\"@context\":\"https:\/\/schema.org\",\"@graph\":[{\"@type\":\"WebPage\",\"@id\":\"https:\/\/www.novakitchenconcept.com\/aviso-legal\/\",\"url\":\"https:\/\/www.novakitchenconcept.com\/aviso-legal\/\",\"name\":\"Aviso Legal - Dise\u00f1o de cocinas en Marbella\",\"isPartOf\":{\"@id\":\"https:\/\/www.novakitchenconcept.com\/#website\"},\"datePublished\":\"2025-06-14T08:28:44+00:00\",\"dateModified\":\"2025-06-20T07:10:24+00:00\",\"breadcrumb\":{\"@id\":\"https:\/\/www.novakitchenconcept.com\/aviso-legal\/#breadcrumb\"},\"inLanguage\":\"en-GB\",\"potentialAction\":[{\"@type\":\"ReadAction\",\"target\":[\"https:\/\/www.novakitchenconcept.com\/aviso-legal\/\"]}]},{\"@type\":\"BreadcrumbList\",\"@id\":\"https:\/\/www.novakitchenconcept.com\/aviso-legal\/#breadcrumb\",\"itemListElement\":[{\"@type\":\"ListItem\",\"position\":1,\"name\":\"Portada\",\"item\":\"https:\/\/www.novakitchenconcept.com\/\"},{\"@type\":\"ListItem\",\"position\":2,\"name\":\"Aviso Legal\"}]},{\"@type\":\"WebSite\",\"@id\":\"https:\/\/www.novakitchenconcept.com\/#website\",\"url\":\"https:\/\/www.novakitchenconcept.com\/\",\"name\":\"Dise\u00f1o de cocinas en Marbella\",\"description\":\"cocinas minimalistas : cocinas cl\u00e1sicas reformadas : reformas de cocina Marbella : materiales resistentes para cocinas : cocina funcional y est\u00e9tica : acompa\u00f1amiento en dise\u00f1o de cocina : cocinas para promotores : cocinas para decoradores e interioristas : cocinas de alta gama : soluciones de cocina personalizadas\",\"publisher\":{\"@id\":\"https:\/\/www.novakitchenconcept.com\/#organization\"},\"potentialAction\":[{\"@type\":\"SearchAction\",\"target\":{\"@type\":\"EntryPoint\",\"urlTemplate\":\"https:\/\/www.novakitchenconcept.com\/?s={search_term_string}\"},\"query-input\":{\"@type\":\"PropertyValueSpecification\",\"valueRequired\":true,\"valueName\":\"search_term_string\"}}],\"inLanguage\":\"en-GB\"},{\"@type\":\"Organization\",\"@id\":\"https:\/\/www.novakitchenconcept.com\/#organization\",\"name\":\"Dise\u00f1o de cocinas en Marbella\",\"url\":\"https:\/\/www.novakitchenconcept.com\/\",\"logo\":{\"@type\":\"ImageObject\",\"inLanguage\":\"en-GB\",\"@id\":\"https:\/\/www.novakitchenconcept.com\/#\/schema\/logo\/image\/\",\"url\":\"https:\/\/www.novakitchenconcept.com\/wp-content\/uploads\/2025\/05\/67762ec4-7d1f-46ee-845d-a332b288b8a6.jpg\",\"contentUrl\":\"https:\/\/www.novakitchenconcept.com\/wp-content\/uploads\/2025\/05\/67762ec4-7d1f-46ee-845d-a332b288b8a6.jpg\",\"width\":1528,\"height\":1080,\"caption\":\"Dise\u00f1o de cocinas en Marbella\"},\"image\":{\"@id\":\"https:\/\/www.novakitchenconcept.com\/#\/schema\/logo\/image\/\"}}]}<\/script>\n<!-- \/ Yoast SEO plugin. -->","yoast_head_json":{"title":"Aviso Legal - Dise\u00f1o de cocinas en Marbella","robots":{"index":"noindex","follow":"nofollow"},"og_locale":"en_GB","og_type":"article","og_title":"Aviso Legal - Dise\u00f1o de cocinas en Marbella","og_description":"AVISO LEGAL El sitio web www.novakitchenconcept.com (en adelante, el \u201cSitio Web\u201d) es propiedad de NOVA CONCEPT INVEST, S.L. (en adelante, la \u201cEMPRESA\u201d), con domicilio social en Av. de Andaluc\u00eda, 130 &#8211; 4\u00b0 J Esc. 2, 29680 Estepona (M\u00e1laga) y CIF: B13799184. La EMPRESA le da la bienvenida y le invita a leer atentamente las Condiciones [&hellip;]","og_url":"https:\/\/www.novakitchenconcept.com\/en\/aviso-legal\/","og_site_name":"Dise\u00f1o de cocinas en Marbella","article_modified_time":"2025-06-20T07:10:24+00:00","twitter_card":"summary_large_image","twitter_misc":{"Estimated reading time":"2 minutes"},"schema":{"@context":"https:\/\/schema.org","@graph":[{"@type":"WebPage","@id":"https:\/\/www.novakitchenconcept.com\/aviso-legal\/","url":"https:\/\/www.novakitchenconcept.com\/aviso-legal\/","name":"Aviso Legal - Dise\u00f1o de cocinas en Marbella","isPartOf":{"@id":"https:\/\/www.novakitchenconcept.com\/#website"},"datePublished":"2025-06-14T08:28:44+00:00","dateModified":"2025-06-20T07:10:24+00:00","breadcrumb":{"@id":"https:\/\/www.novakitchenconcept.com\/aviso-legal\/#breadcrumb"},"inLanguage":"en-GB","potentialAction":[{"@type":"ReadAction","target":["https:\/\/www.novakitchenconcept.com\/aviso-legal\/"]}]},{"@type":"BreadcrumbList","@id":"https:\/\/www.novakitchenconcept.com\/aviso-legal\/#breadcrumb","itemListElement":[{"@type":"ListItem","position":1,"name":"Portada","item":"https:\/\/www.novakitchenconcept.com\/"},{"@type":"ListItem","position":2,"name":"Aviso Legal"}]},{"@type":"WebSite","@id":"https:\/\/www.novakitchenconcept.com\/#website","url":"https:\/\/www.novakitchenconcept.com\/","name":"Kitchen design in Marbella","description":"Minimalist kitchens: renovated classic kitchens: Marbella kitchen renovations: resistant materials for kitchens: functional and aesthetic kitchen: kitchen design support: kitchens for developers: kitchens for decorators and interior designers: high-end kitchens: customized kitchen solutions","publisher":{"@id":"https:\/\/www.novakitchenconcept.com\/#organization"},"potentialAction":[{"@type":"SearchAction","target":{"@type":"EntryPoint","urlTemplate":"https:\/\/www.novakitchenconcept.com\/?s={search_term_string}"},"query-input":{"@type":"PropertyValueSpecification","valueRequired":true,"valueName":"search_term_string"}}],"inLanguage":"en-GB"},{"@type":"Organization","@id":"https:\/\/www.novakitchenconcept.com\/#organization","name":"Kitchen design in Marbella","url":"https:\/\/www.novakitchenconcept.com\/","logo":{"@type":"ImageObject","inLanguage":"en-GB","@id":"https:\/\/www.novakitchenconcept.com\/#\/schema\/logo\/image\/","url":"https:\/\/www.novakitchenconcept.com\/wp-content\/uploads\/2025\/05\/67762ec4-7d1f-46ee-845d-a332b288b8a6.jpg","contentUrl":"https:\/\/www.novakitchenconcept.com\/wp-content\/uploads\/2025\/05\/67762ec4-7d1f-46ee-845d-a332b288b8a6.jpg","width":1528,"height":1080,"caption":"Dise\u00f1o de cocinas en Marbella"},"image":{"@id":"https:\/\/www.novakitchenconcept.com\/#\/schema\/logo\/image\/"}}]}},"_links":{"self":[{"href":"https:\/\/www.novakitchenconcept.com\/en\/wp-json\/wp\/v2\/pages\/1012","targetHints":{"allow":["GET"]}}],"collection":[{"href":"https:\/\/www.novakitchenconcept.com\/en\/wp-json\/wp\/v2\/pages"}],"about":[{"href":"https:\/\/www.novakitchenconcept.com\/en\/wp-json\/wp\/v2\/types\/page"}],"author":[{"embeddable":true,"href":"https:\/\/www.novakitchenconcept.com\/en\/wp-json\/wp\/v2\/users\/1"}],"replies":[{"embeddable":true,"href":"https:\/\/www.novakitchenconcept.com\/en\/wp-json\/wp\/v2\/comments?post=1012"}],"version-history":[{"count":10,"href":"https:\/\/www.novakitchenconcept.com\/en\/wp-json\/wp\/v2\/pages\/1012\/revisions"}],"predecessor-version":[{"id":1022,"href":"https:\/\/www.novakitchenconcept.com\/en\/wp-json\/wp\/v2\/pages\/1012\/revisions\/1022"}],"wp:attachment":[{"href":"https:\/\/www.novakitchenconcept.com\/en\/wp-json\/wp\/v2\/media?parent=1012"}],"curies":[{"name":"wp","href":"https:\/\/api.w.org\/{rel}","templated":true}]}}