{"id":1026,"date":"2025-06-14T10:38:20","date_gmt":"2025-06-14T08:38:20","guid":{"rendered":"https:\/\/www.novakitchenconcept.com\/?page_id=1026"},"modified":"2025-06-20T09:12:22","modified_gmt":"2025-06-20T07:12:22","slug":"politica-de-cookies","status":"publish","type":"page","link":"https:\/\/www.novakitchenconcept.com\/en\/politica-de-cookies\/","title":{"rendered":"Cookie Policy"},"content":{"rendered":"<div data-elementor-type=\"wp-page\" data-elementor-id=\"1026\" class=\"elementor elementor-1026\" data-elementor-post-type=\"page\">\n\t\t\t\t<div class=\"elementor-element elementor-element-8ae0cd8 e-flex e-con-boxed e-con e-parent\" data-id=\"8ae0cd8\" data-element_type=\"container\" data-e-type=\"container\">\n\t\t\t\t\t<div class=\"e-con-inner\">\n\t\t\t\t\t<\/div>\n\t\t\t\t<\/div>\n\t\t<div class=\"elementor-element elementor-element-97c84ab e-flex e-con-boxed e-con e-parent\" data-id=\"97c84ab\" data-element_type=\"container\" data-e-type=\"container\">\n\t\t\t\t\t<div class=\"e-con-inner\">\n\t\t\t\t<div class=\"elementor-element elementor-element-2e72de2 elementor-widget elementor-widget-heading\" data-id=\"2e72de2\" data-element_type=\"widget\" data-e-type=\"widget\" data-widget_type=\"heading.default\">\n\t\t\t\t<div class=\"elementor-widget-container\">\n\t\t\t\t\t<h2 class=\"elementor-heading-title elementor-size-default\">COOKIE POLICY<\/h2>\t\t\t\t<\/div>\n\t\t\t\t<\/div>\n\t\t\t\t<div class=\"elementor-element elementor-element-63b3b9f elementor-widget elementor-widget-text-editor\" data-id=\"63b3b9f\" data-element_type=\"widget\" data-e-type=\"widget\" data-widget_type=\"text-editor.default\">\n\t\t\t\t<div class=\"elementor-widget-container\">\n\t\t\t\t\t\t\t\t\t<p data-start=\"179\" data-end=\"393\"><strong data-start=\"179\" data-end=\"208\">NOVA CONCEPT INVEST, SL<\/strong> (hereinafter, \u201cNova Kitchen Concept\u201d), with CIF: B13799184 and address at Av. de Andaluc\u00eda, 130 \u2013 4\u00b0 J Esc. 2, 29680 Estepona (M\u00e1laga), informs about the use of cookies on its website.<\/p><p data-start=\"395\" data-end=\"420\"><strong data-start=\"395\" data-end=\"420\">What are cookies?<\/strong><\/p><p data-start=\"422\" data-end=\"641\">A cookie is a file that is downloaded to your computer when you access certain websites. Cookies allow a website to store and retrieve information about a user&#039;s browsing habits or their device.<\/p><p data-start=\"643\" data-end=\"686\"><strong data-start=\"643\" data-end=\"686\">Types of cookies used on this website<\/strong><\/p><ol data-start=\"688\" data-end=\"1241\"><li data-start=\"688\" data-end=\"828\"><p data-start=\"691\" data-end=\"828\"><strong data-start=\"691\" data-end=\"711\">Technical cookies<\/strong> (necessary): These cookies allow browsing and basic website functionality. They are enabled by default.<\/p><\/li><li data-start=\"829\" data-end=\"945\"><p data-start=\"832\" data-end=\"945\"><strong data-start=\"832\" data-end=\"854\">Analytical cookies<\/strong>: They help us understand how users interact with the website. Disabled by default.<\/p><\/li><li data-start=\"946\" data-end=\"1089\"><p data-start=\"949\" data-end=\"1089\"><strong data-start=\"949\" data-end=\"979\">Personalization cookies<\/strong>: These cookies collect data about your preferences to offer you a personalized experience. Disabled by default.<\/p><\/li><li data-start=\"1090\" data-end=\"1241\"><p data-start=\"1093\" data-end=\"1241\"><strong data-start=\"1093\" data-end=\"1130\">Third-party advertising cookies<\/strong>: Used by third-party providers to show you ads tailored to your interests. Disabled by default.<\/p><\/li><\/ol><p data-start=\"1243\" data-end=\"1265\"><strong data-start=\"1243\" data-end=\"1265\">Cookie management<\/strong><\/p><p data-start=\"1267\" data-end=\"1459\">You can configure cookies from our banner when you access the website. You can also modify them or revoke your consent at any time from the &quot;Cookie Settings&quot; option.<\/p><p data-start=\"1461\" data-end=\"1513\"><strong data-start=\"1461\" data-end=\"1513\">How to disable cookies from the browser?<\/strong><\/p><p data-start=\"1515\" data-end=\"1657\">You can delete, restrict, or block cookies from your browser. See the instructions for your browser:<\/p><ul data-start=\"1658\" data-end=\"2054\"><li data-start=\"1658\" data-end=\"1742\"><p data-start=\"1660\" data-end=\"1742\"><a class=\"\" href=\"http:\/\/support.google.com\/chrome\/bin\/answer.py?hl=es&amp;answer=95647\" target=\"_new\" rel=\"noopener\" data-start=\"1660\" data-end=\"1742\">Google Chrome<\/a><\/p><\/li><li data-start=\"1743\" data-end=\"1830\"><p data-start=\"1745\" data-end=\"1830\"><a class=\"\" href=\"https:\/\/support.mozilla.org\/es\/kb\/habilitar-y-deshabilitar-cookies\" target=\"_new\" rel=\"noopener\" data-start=\"1745\" data-end=\"1830\">Mozilla Firefox<\/a><\/p><\/li><li data-start=\"1831\" data-end=\"1877\"><p data-start=\"1833\" data-end=\"1877\"><a class=\"\" href=\"http:\/\/support.apple.com\/kb\/ph5042\" target=\"_new\" rel=\"noopener\" data-start=\"1833\" data-end=\"1877\">Safari<\/a><\/p><\/li><li data-start=\"1878\" data-end=\"1942\"><p data-start=\"1880\" data-end=\"1942\"><a class=\"\" href=\"http:\/\/www.opera.com\/help\/tutorials\/security\/privacy\/\" target=\"_new\" rel=\"noopener\" data-start=\"1880\" data-end=\"1942\">Opera<\/a><\/p><\/li><li data-start=\"1943\" data-end=\"2054\"><p data-start=\"1945\" data-end=\"2054\"><a class=\"\" href=\"http:\/\/windows.microsoft.com\/es-es\/windows7\/how-to-manage-cookies-in-internet-explorer-9\" target=\"_new\" rel=\"noopener\" data-start=\"1945\" data-end=\"2054\">Internet Explorer<\/a><\/p><\/li><\/ul><p data-start=\"2056\" data-end=\"2091\"><strong data-start=\"2056\" data-end=\"2091\">Processing of personal data<\/strong><\/p><p data-start=\"2093\" data-end=\"2205\">For more information about the processing of your personal data, please consult our <a class=\"\" href=\"#\" rel=\"noopener\" data-start=\"2177\" data-end=\"2204\">Privacy Policy<\/a>.<\/p>\t\t\t\t\t\t\t\t<\/div>\n\t\t\t\t<\/div>\n\t\t\t\t\t<\/div>\n\t\t\t\t<\/div>\n\t\t\t\t<\/div>","protected":false},"excerpt":{"rendered":"<p>POL\u00cdTICA DE COOKIES NOVA CONCEPT INVEST, S.L. (en adelante, \u201cNova Kitchen Concept\u201d), con CIF: B13799184 y domicilio en Av. de Andaluc\u00eda, 130 &#8211; 4\u00b0 J Esc. 2, 29680 Estepona (M\u00e1laga), informa sobre el uso de cookies en su p\u00e1gina web. \u00bfQu\u00e9 son las cookies? Una cookie es un archivo que se descarga en tu ordenador [&hellip;]<\/p>\n","protected":false},"author":1,"featured_media":0,"parent":0,"menu_order":0,"comment_status":"closed","ping_status":"closed","template":"elementor_header_footer","meta":{"footnotes":""},"class_list":["post-1026","page","type-page","status-publish","hentry"],"yoast_head":"<!-- This site is optimized with the Yoast SEO plugin v27.1.1 - https:\/\/yoast.com\/product\/yoast-seo-wordpress\/ -->\n<title>Pol\u00edtica de Cookies - Dise\u00f1o de cocinas en Marbella<\/title>\n<meta name=\"robots\" content=\"noindex, nofollow\" \/>\n<meta property=\"og:locale\" content=\"en_GB\" \/>\n<meta property=\"og:type\" content=\"article\" \/>\n<meta property=\"og:title\" content=\"Pol\u00edtica de Cookies - Dise\u00f1o de cocinas en Marbella\" \/>\n<meta property=\"og:description\" content=\"POL\u00cdTICA DE COOKIES NOVA CONCEPT INVEST, S.L. (en adelante, \u201cNova Kitchen Concept\u201d), con CIF: B13799184 y domicilio en Av. de Andaluc\u00eda, 130 &#8211; 4\u00b0 J Esc. 2, 29680 Estepona (M\u00e1laga), informa sobre el uso de cookies en su p\u00e1gina web. \u00bfQu\u00e9 son las cookies? Una cookie es un archivo que se descarga en tu ordenador [&hellip;]\" \/>\n<meta property=\"og:url\" content=\"https:\/\/www.novakitchenconcept.com\/en\/politica-de-cookies\/\" \/>\n<meta property=\"og:site_name\" content=\"Dise\u00f1o de cocinas en Marbella\" \/>\n<meta property=\"article:modified_time\" content=\"2025-06-20T07:12:22+00:00\" \/>\n<meta name=\"twitter:card\" content=\"summary_large_image\" \/>\n<meta name=\"twitter:label1\" content=\"Estimated reading time\" \/>\n\t<meta name=\"twitter:data1\" content=\"2 minutes\" \/>\n<script type=\"application\/ld+json\" class=\"yoast-schema-graph\">{\"@context\":\"https:\/\/schema.org\",\"@graph\":[{\"@type\":\"WebPage\",\"@id\":\"https:\/\/www.novakitchenconcept.com\/politica-de-cookies\/\",\"url\":\"https:\/\/www.novakitchenconcept.com\/politica-de-cookies\/\",\"name\":\"Pol\u00edtica de Cookies - Dise\u00f1o de cocinas en Marbella\",\"isPartOf\":{\"@id\":\"https:\/\/www.novakitchenconcept.com\/#website\"},\"datePublished\":\"2025-06-14T08:38:20+00:00\",\"dateModified\":\"2025-06-20T07:12:22+00:00\",\"breadcrumb\":{\"@id\":\"https:\/\/www.novakitchenconcept.com\/politica-de-cookies\/#breadcrumb\"},\"inLanguage\":\"en-GB\",\"potentialAction\":[{\"@type\":\"ReadAction\",\"target\":[\"https:\/\/www.novakitchenconcept.com\/politica-de-cookies\/\"]}]},{\"@type\":\"BreadcrumbList\",\"@id\":\"https:\/\/www.novakitchenconcept.com\/politica-de-cookies\/#breadcrumb\",\"itemListElement\":[{\"@type\":\"ListItem\",\"position\":1,\"name\":\"Portada\",\"item\":\"https:\/\/www.novakitchenconcept.com\/\"},{\"@type\":\"ListItem\",\"position\":2,\"name\":\"Pol\u00edtica de Cookies\"}]},{\"@type\":\"WebSite\",\"@id\":\"https:\/\/www.novakitchenconcept.com\/#website\",\"url\":\"https:\/\/www.novakitchenconcept.com\/\",\"name\":\"Dise\u00f1o de cocinas en Marbella\",\"description\":\"cocinas minimalistas : cocinas cl\u00e1sicas reformadas : reformas de cocina Marbella : materiales resistentes para cocinas : cocina funcional y est\u00e9tica : acompa\u00f1amiento en dise\u00f1o de cocina : cocinas para promotores : cocinas para decoradores e interioristas : cocinas de alta gama : soluciones de cocina personalizadas\",\"publisher\":{\"@id\":\"https:\/\/www.novakitchenconcept.com\/#organization\"},\"potentialAction\":[{\"@type\":\"SearchAction\",\"target\":{\"@type\":\"EntryPoint\",\"urlTemplate\":\"https:\/\/www.novakitchenconcept.com\/?s={search_term_string}\"},\"query-input\":{\"@type\":\"PropertyValueSpecification\",\"valueRequired\":true,\"valueName\":\"search_term_string\"}}],\"inLanguage\":\"en-GB\"},{\"@type\":\"Organization\",\"@id\":\"https:\/\/www.novakitchenconcept.com\/#organization\",\"name\":\"Dise\u00f1o de cocinas en Marbella\",\"url\":\"https:\/\/www.novakitchenconcept.com\/\",\"logo\":{\"@type\":\"ImageObject\",\"inLanguage\":\"en-GB\",\"@id\":\"https:\/\/www.novakitchenconcept.com\/#\/schema\/logo\/image\/\",\"url\":\"https:\/\/www.novakitchenconcept.com\/wp-content\/uploads\/2025\/05\/67762ec4-7d1f-46ee-845d-a332b288b8a6.jpg\",\"contentUrl\":\"https:\/\/www.novakitchenconcept.com\/wp-content\/uploads\/2025\/05\/67762ec4-7d1f-46ee-845d-a332b288b8a6.jpg\",\"width\":1528,\"height\":1080,\"caption\":\"Dise\u00f1o de cocinas en Marbella\"},\"image\":{\"@id\":\"https:\/\/www.novakitchenconcept.com\/#\/schema\/logo\/image\/\"}}]}<\/script>\n<!-- \/ Yoast SEO plugin. -->","yoast_head_json":{"title":"Pol\u00edtica de Cookies - Dise\u00f1o de cocinas en Marbella","robots":{"index":"noindex","follow":"nofollow"},"og_locale":"en_GB","og_type":"article","og_title":"Pol\u00edtica de Cookies - Dise\u00f1o de cocinas en Marbella","og_description":"POL\u00cdTICA DE COOKIES NOVA CONCEPT INVEST, S.L. (en adelante, \u201cNova Kitchen Concept\u201d), con CIF: B13799184 y domicilio en Av. de Andaluc\u00eda, 130 &#8211; 4\u00b0 J Esc. 2, 29680 Estepona (M\u00e1laga), informa sobre el uso de cookies en su p\u00e1gina web. \u00bfQu\u00e9 son las cookies? Una cookie es un archivo que se descarga en tu ordenador [&hellip;]","og_url":"https:\/\/www.novakitchenconcept.com\/en\/politica-de-cookies\/","og_site_name":"Dise\u00f1o de cocinas en Marbella","article_modified_time":"2025-06-20T07:12:22+00:00","twitter_card":"summary_large_image","twitter_misc":{"Estimated reading time":"2 minutes"},"schema":{"@context":"https:\/\/schema.org","@graph":[{"@type":"WebPage","@id":"https:\/\/www.novakitchenconcept.com\/politica-de-cookies\/","url":"https:\/\/www.novakitchenconcept.com\/politica-de-cookies\/","name":"Pol\u00edtica de Cookies - Dise\u00f1o de cocinas en Marbella","isPartOf":{"@id":"https:\/\/www.novakitchenconcept.com\/#website"},"datePublished":"2025-06-14T08:38:20+00:00","dateModified":"2025-06-20T07:12:22+00:00","breadcrumb":{"@id":"https:\/\/www.novakitchenconcept.com\/politica-de-cookies\/#breadcrumb"},"inLanguage":"en-GB","potentialAction":[{"@type":"ReadAction","target":["https:\/\/www.novakitchenconcept.com\/politica-de-cookies\/"]}]},{"@type":"BreadcrumbList","@id":"https:\/\/www.novakitchenconcept.com\/politica-de-cookies\/#breadcrumb","itemListElement":[{"@type":"ListItem","position":1,"name":"Portada","item":"https:\/\/www.novakitchenconcept.com\/"},{"@type":"ListItem","position":2,"name":"Pol\u00edtica de Cookies"}]},{"@type":"WebSite","@id":"https:\/\/www.novakitchenconcept.com\/#website","url":"https:\/\/www.novakitchenconcept.com\/","name":"Kitchen design in Marbella","description":"Minimalist kitchens: renovated classic kitchens: Marbella kitchen renovations: resistant materials for kitchens: functional and aesthetic kitchen: kitchen design support: kitchens for developers: kitchens for decorators and interior designers: high-end kitchens: customized kitchen solutions","publisher":{"@id":"https:\/\/www.novakitchenconcept.com\/#organization"},"potentialAction":[{"@type":"SearchAction","target":{"@type":"EntryPoint","urlTemplate":"https:\/\/www.novakitchenconcept.com\/?s={search_term_string}"},"query-input":{"@type":"PropertyValueSpecification","valueRequired":true,"valueName":"search_term_string"}}],"inLanguage":"en-GB"},{"@type":"Organization","@id":"https:\/\/www.novakitchenconcept.com\/#organization","name":"Kitchen design in Marbella","url":"https:\/\/www.novakitchenconcept.com\/","logo":{"@type":"ImageObject","inLanguage":"en-GB","@id":"https:\/\/www.novakitchenconcept.com\/#\/schema\/logo\/image\/","url":"https:\/\/www.novakitchenconcept.com\/wp-content\/uploads\/2025\/05\/67762ec4-7d1f-46ee-845d-a332b288b8a6.jpg","contentUrl":"https:\/\/www.novakitchenconcept.com\/wp-content\/uploads\/2025\/05\/67762ec4-7d1f-46ee-845d-a332b288b8a6.jpg","width":1528,"height":1080,"caption":"Dise\u00f1o de cocinas en Marbella"},"image":{"@id":"https:\/\/www.novakitchenconcept.com\/#\/schema\/logo\/image\/"}}]}},"_links":{"self":[{"href":"https:\/\/www.novakitchenconcept.com\/en\/wp-json\/wp\/v2\/pages\/1026","targetHints":{"allow":["GET"]}}],"collection":[{"href":"https:\/\/www.novakitchenconcept.com\/en\/wp-json\/wp\/v2\/pages"}],"about":[{"href":"https:\/\/www.novakitchenconcept.com\/en\/wp-json\/wp\/v2\/types\/page"}],"author":[{"embeddable":true,"href":"https:\/\/www.novakitchenconcept.com\/en\/wp-json\/wp\/v2\/users\/1"}],"replies":[{"embeddable":true,"href":"https:\/\/www.novakitchenconcept.com\/en\/wp-json\/wp\/v2\/comments?post=1026"}],"version-history":[{"count":7,"href":"https:\/\/www.novakitchenconcept.com\/en\/wp-json\/wp\/v2\/pages\/1026\/revisions"}],"predecessor-version":[{"id":1036,"href":"https:\/\/www.novakitchenconcept.com\/en\/wp-json\/wp\/v2\/pages\/1026\/revisions\/1036"}],"wp:attachment":[{"href":"https:\/\/www.novakitchenconcept.com\/en\/wp-json\/wp\/v2\/media?parent=1026"}],"curies":[{"name":"wp","href":"https:\/\/api.w.org\/{rel}","templated":true}]}}