{"id":3,"date":"2025-05-02T20:10:59","date_gmt":"2025-05-02T18:10:59","guid":{"rendered":"https:\/\/novakitchenconcept.com\/?page_id=3"},"modified":"2025-06-20T09:12:43","modified_gmt":"2025-06-20T07:12:43","slug":"politica-privacidad","status":"publish","type":"page","link":"https:\/\/www.novakitchenconcept.com\/en\/politica-privacidad\/","title":{"rendered":"Privacy Policy"},"content":{"rendered":"\t\t<div data-elementor-type=\"wp-page\" data-elementor-id=\"3\" class=\"elementor elementor-3\" data-elementor-post-type=\"page\">\n\t\t\t\t<div class=\"elementor-element elementor-element-306601bf e-flex e-con-boxed e-con e-parent\" data-id=\"306601bf\" data-element_type=\"container\" data-e-type=\"container\">\n\t\t\t\t\t<div class=\"e-con-inner\">\n\t\t\t\t<div class=\"elementor-element elementor-element-e24b941 elementor-widget elementor-widget-heading\" data-id=\"e24b941\" data-element_type=\"widget\" data-e-type=\"widget\" data-widget_type=\"heading.default\">\n\t\t\t\t<div class=\"elementor-widget-container\">\n\t\t\t\t\t<h2 class=\"elementor-heading-title elementor-size-default\">POL\u00cdTICA DE PRIVACIDAD<\/h2>\t\t\t\t<\/div>\n\t\t\t\t<\/div>\n\t\t\t\t<div class=\"elementor-element elementor-element-5f6a0d13 elementor-widget elementor-widget-text-editor\" data-id=\"5f6a0d13\" data-element_type=\"widget\" data-e-type=\"widget\" data-widget_type=\"text-editor.default\">\n\t\t\t\t<div class=\"elementor-widget-container\">\n\t\t\t\t\t\t\t\t\t\n<p data-start=\"193\" data-end=\"580\">De conformidad con lo dispuesto en la normativa vigente en materia de protecci\u00f3n de datos personales, y en especial con el <strong data-start=\"316\" data-end=\"404\">Reglamento (UE) 2016\/679 del Parlamento Europeo y del Consejo de 27 de abril de 2016<\/strong> (RGPD), <strong data-start=\"413\" data-end=\"442\">NOVA CONCEPT INVEST, S.L.<\/strong>, con domicilio social en <strong data-start=\"468\" data-end=\"532\">Av. de Andaluc\u00eda, 130 &#8211; 4\u00b0 J Esc. 2, 29680 Estepona (M\u00e1laga)<\/strong> y <strong data-start=\"535\" data-end=\"552\">CIF B13799184<\/strong>, informa al usuario de que:<\/p>\n<ol data-start=\"582\" data-end=\"859\">\n<li data-start=\"582\" data-end=\"753\">\n<p data-start=\"585\" data-end=\"753\"><strong data-start=\"585\" data-end=\"616\">Responsable del tratamiento<\/strong><br \/>El responsable del tratamiento de sus datos es NOVA CONCEPT INVEST, S.L.<br data-start=\"689\" data-end=\"692\" \/>Email de contacto: [incluir direcci\u00f3n de correo electr\u00f3nico].<\/p>\n<\/li>\n<li data-start=\"755\" data-end=\"859\">\n<p data-start=\"758\" data-end=\"859\"><strong data-start=\"758\" data-end=\"787\">Finalidad del tratamiento<\/strong><br \/>La recogida y tratamiento de los datos personales tiene como finalidad:<\/p>\n<\/li>\n<\/ol>\n<ul data-start=\"860\" data-end=\"1103\">\n<li data-start=\"860\" data-end=\"933\">\n<p data-start=\"862\" data-end=\"933\">Gestionar las consultas realizadas a trav\u00e9s del formulario de contacto.<\/p>\n<\/li>\n<li data-start=\"934\" data-end=\"1036\">\n<p data-start=\"936\" data-end=\"1036\">Facilitar informaci\u00f3n comercial sobre nuestros productos y servicios, cuando el usuario lo autorice.<\/p>\n<\/li>\n<li data-start=\"1037\" data-end=\"1103\">\n<p data-start=\"1039\" data-end=\"1103\">Mejorar la experiencia de navegaci\u00f3n y contenidos del Sitio Web.<\/p>\n<\/li>\n<\/ul>\n<ol start=\"3\" data-start=\"1105\" data-end=\"2351\">\n<li data-start=\"1105\" data-end=\"1326\">\n<p data-start=\"1108\" data-end=\"1326\"><strong data-start=\"1108\" data-end=\"1140\">Legitimaci\u00f3n del tratamiento<\/strong><br \/>La base legal para el tratamiento es el consentimiento otorgado por el usuario al aceptar esta Pol\u00edtica de Privacidad, as\u00ed como el inter\u00e9s leg\u00edtimo para mantener relaciones comerciales.<\/p>\n<\/li>\n<li data-start=\"1328\" data-end=\"1531\">\n<p data-start=\"1331\" data-end=\"1531\"><strong data-start=\"1331\" data-end=\"1360\">Conservaci\u00f3n de los datos<\/strong><br \/>Los datos ser\u00e1n conservados durante el tiempo necesario para cumplir la finalidad por la que fueron recabados y, en su caso, mientras el usuario no solicite su supresi\u00f3n.<\/p>\n<\/li>\n<li data-start=\"1533\" data-end=\"1708\">\n<p data-start=\"1536\" data-end=\"1708\"><strong data-start=\"1536\" data-end=\"1566\">Destinatarios de los datos<\/strong><br \/>No se ceder\u00e1n datos personales a terceros, salvo obligaci\u00f3n legal o cuando resulte necesario para la prestaci\u00f3n de los servicios solicitados.<\/p>\n<\/li>\n<li data-start=\"1710\" data-end=\"2125\">\n<p data-start=\"1713\" data-end=\"2125\"><strong data-start=\"1713\" data-end=\"1737\">Derechos del usuario<\/strong><br \/>El usuario puede ejercer sus derechos de acceso, rectificaci\u00f3n, supresi\u00f3n, oposici\u00f3n, limitaci\u00f3n del tratamiento y portabilidad, dirigi\u00e9ndose a NOVA CONCEPT INVEST, S.L. mediante solicitud escrita a la direcci\u00f3n postal indicada o al correo electr\u00f3nico arriba mencionado.<br data-start=\"2008\" data-end=\"2011\" \/>Asimismo, tiene derecho a presentar una reclamaci\u00f3n ante la Agencia Espa\u00f1ola de Protecci\u00f3n de Datos (<a class=\"\" href=\"http:\/\/www.aepd.es\" target=\"_new\" rel=\"noopener\" data-start=\"2112\" data-end=\"2123\">www.aepd.es<\/a>).<\/p>\n<\/li>\n<li data-start=\"2127\" data-end=\"2351\">\n<p data-start=\"2130\" data-end=\"2351\"><strong data-start=\"2130\" data-end=\"2156\">Seguridad de los datos<\/strong><br \/>NOVA CONCEPT INVEST, S.L. ha adoptado las medidas t\u00e9cnicas y organizativas necesarias para garantizar la seguridad de los datos personales y evitar su alteraci\u00f3n, p\u00e9rdida o acceso no autorizado.<\/p>\n<\/li>\n<\/ol>\t\t\t\t\t\t\t\t<\/div>\n\t\t\t\t<\/div>\n\t\t\t\t\t<\/div>\n\t\t\t\t<\/div>\n\t\t\t\t<\/div>\n\t\t","protected":false},"excerpt":{"rendered":"<p>POL\u00cdTICA DE PRIVACIDAD De conformidad con lo dispuesto en la normativa vigente en materia de protecci\u00f3n de datos personales, y en especial con el Reglamento (UE) 2016\/679 del Parlamento Europeo y del Consejo de 27 de abril de 2016 (RGPD), NOVA CONCEPT INVEST, S.L., con domicilio social en Av. de Andaluc\u00eda, 130 &#8211; 4\u00b0 J [&hellip;]<\/p>\n","protected":false},"author":1,"featured_media":0,"parent":0,"menu_order":0,"comment_status":"closed","ping_status":"open","template":"","meta":{"footnotes":""},"class_list":["post-3","page","type-page","status-publish","hentry"],"yoast_head":"<!-- This site is optimized with the Yoast SEO plugin v27.1.1 - https:\/\/yoast.com\/product\/yoast-seo-wordpress\/ -->\n<title>Pol\u00edtica de privacidad - Dise\u00f1o de cocinas en Marbella<\/title>\n<meta name=\"robots\" content=\"noindex, nofollow\" \/>\n<meta property=\"og:locale\" content=\"en_GB\" \/>\n<meta property=\"og:type\" content=\"article\" \/>\n<meta property=\"og:title\" content=\"Pol\u00edtica de privacidad - Dise\u00f1o de cocinas en Marbella\" \/>\n<meta property=\"og:description\" content=\"POL\u00cdTICA DE PRIVACIDAD De conformidad con lo dispuesto en la normativa vigente en materia de protecci\u00f3n de datos personales, y en especial con el Reglamento (UE) 2016\/679 del Parlamento Europeo y del Consejo de 27 de abril de 2016 (RGPD), NOVA CONCEPT INVEST, S.L., con domicilio social en Av. de Andaluc\u00eda, 130 &#8211; 4\u00b0 J [&hellip;]\" \/>\n<meta property=\"og:url\" content=\"https:\/\/www.novakitchenconcept.com\/en\/politica-privacidad\/\" \/>\n<meta property=\"og:site_name\" content=\"Dise\u00f1o de cocinas en Marbella\" \/>\n<meta property=\"article:modified_time\" content=\"2025-06-20T07:12:43+00:00\" \/>\n<meta name=\"twitter:card\" content=\"summary_large_image\" \/>\n<meta name=\"twitter:label1\" content=\"Estimated reading time\" \/>\n\t<meta name=\"twitter:data1\" content=\"2 minutes\" \/>\n<script type=\"application\/ld+json\" class=\"yoast-schema-graph\">{\"@context\":\"https:\/\/schema.org\",\"@graph\":[{\"@type\":\"WebPage\",\"@id\":\"https:\/\/www.novakitchenconcept.com\/politica-privacidad\/\",\"url\":\"https:\/\/www.novakitchenconcept.com\/politica-privacidad\/\",\"name\":\"Pol\u00edtica de privacidad - Dise\u00f1o de cocinas en Marbella\",\"isPartOf\":{\"@id\":\"https:\/\/www.novakitchenconcept.com\/#website\"},\"datePublished\":\"2025-05-02T18:10:59+00:00\",\"dateModified\":\"2025-06-20T07:12:43+00:00\",\"breadcrumb\":{\"@id\":\"https:\/\/www.novakitchenconcept.com\/politica-privacidad\/#breadcrumb\"},\"inLanguage\":\"en-GB\",\"potentialAction\":[{\"@type\":\"ReadAction\",\"target\":[\"https:\/\/www.novakitchenconcept.com\/politica-privacidad\/\"]}]},{\"@type\":\"BreadcrumbList\",\"@id\":\"https:\/\/www.novakitchenconcept.com\/politica-privacidad\/#breadcrumb\",\"itemListElement\":[{\"@type\":\"ListItem\",\"position\":1,\"name\":\"Portada\",\"item\":\"https:\/\/www.novakitchenconcept.com\/\"},{\"@type\":\"ListItem\",\"position\":2,\"name\":\"Pol\u00edtica de privacidad\"}]},{\"@type\":\"WebSite\",\"@id\":\"https:\/\/www.novakitchenconcept.com\/#website\",\"url\":\"https:\/\/www.novakitchenconcept.com\/\",\"name\":\"Dise\u00f1o de cocinas en Marbella\",\"description\":\"cocinas minimalistas : cocinas cl\u00e1sicas reformadas : reformas de cocina Marbella : materiales resistentes para cocinas : cocina funcional y est\u00e9tica : acompa\u00f1amiento en dise\u00f1o de cocina : cocinas para promotores : cocinas para decoradores e interioristas : cocinas de alta gama : soluciones de cocina personalizadas\",\"publisher\":{\"@id\":\"https:\/\/www.novakitchenconcept.com\/#organization\"},\"potentialAction\":[{\"@type\":\"SearchAction\",\"target\":{\"@type\":\"EntryPoint\",\"urlTemplate\":\"https:\/\/www.novakitchenconcept.com\/?s={search_term_string}\"},\"query-input\":{\"@type\":\"PropertyValueSpecification\",\"valueRequired\":true,\"valueName\":\"search_term_string\"}}],\"inLanguage\":\"en-GB\"},{\"@type\":\"Organization\",\"@id\":\"https:\/\/www.novakitchenconcept.com\/#organization\",\"name\":\"Dise\u00f1o de cocinas en Marbella\",\"url\":\"https:\/\/www.novakitchenconcept.com\/\",\"logo\":{\"@type\":\"ImageObject\",\"inLanguage\":\"en-GB\",\"@id\":\"https:\/\/www.novakitchenconcept.com\/#\/schema\/logo\/image\/\",\"url\":\"https:\/\/www.novakitchenconcept.com\/wp-content\/uploads\/2025\/05\/67762ec4-7d1f-46ee-845d-a332b288b8a6.jpg\",\"contentUrl\":\"https:\/\/www.novakitchenconcept.com\/wp-content\/uploads\/2025\/05\/67762ec4-7d1f-46ee-845d-a332b288b8a6.jpg\",\"width\":1528,\"height\":1080,\"caption\":\"Dise\u00f1o de cocinas en Marbella\"},\"image\":{\"@id\":\"https:\/\/www.novakitchenconcept.com\/#\/schema\/logo\/image\/\"}}]}<\/script>\n<!-- \/ Yoast SEO plugin. -->","yoast_head_json":{"title":"Pol\u00edtica de privacidad - Dise\u00f1o de cocinas en Marbella","robots":{"index":"noindex","follow":"nofollow"},"og_locale":"en_GB","og_type":"article","og_title":"Pol\u00edtica de privacidad - Dise\u00f1o de cocinas en Marbella","og_description":"POL\u00cdTICA DE PRIVACIDAD De conformidad con lo dispuesto en la normativa vigente en materia de protecci\u00f3n de datos personales, y en especial con el Reglamento (UE) 2016\/679 del Parlamento Europeo y del Consejo de 27 de abril de 2016 (RGPD), NOVA CONCEPT INVEST, S.L., con domicilio social en Av. de Andaluc\u00eda, 130 &#8211; 4\u00b0 J [&hellip;]","og_url":"https:\/\/www.novakitchenconcept.com\/en\/politica-privacidad\/","og_site_name":"Dise\u00f1o de cocinas en Marbella","article_modified_time":"2025-06-20T07:12:43+00:00","twitter_card":"summary_large_image","twitter_misc":{"Estimated reading time":"2 minutes"},"schema":{"@context":"https:\/\/schema.org","@graph":[{"@type":"WebPage","@id":"https:\/\/www.novakitchenconcept.com\/politica-privacidad\/","url":"https:\/\/www.novakitchenconcept.com\/politica-privacidad\/","name":"Pol\u00edtica de privacidad - Dise\u00f1o de cocinas en Marbella","isPartOf":{"@id":"https:\/\/www.novakitchenconcept.com\/#website"},"datePublished":"2025-05-02T18:10:59+00:00","dateModified":"2025-06-20T07:12:43+00:00","breadcrumb":{"@id":"https:\/\/www.novakitchenconcept.com\/politica-privacidad\/#breadcrumb"},"inLanguage":"en-GB","potentialAction":[{"@type":"ReadAction","target":["https:\/\/www.novakitchenconcept.com\/politica-privacidad\/"]}]},{"@type":"BreadcrumbList","@id":"https:\/\/www.novakitchenconcept.com\/politica-privacidad\/#breadcrumb","itemListElement":[{"@type":"ListItem","position":1,"name":"Portada","item":"https:\/\/www.novakitchenconcept.com\/"},{"@type":"ListItem","position":2,"name":"Pol\u00edtica de privacidad"}]},{"@type":"WebSite","@id":"https:\/\/www.novakitchenconcept.com\/#website","url":"https:\/\/www.novakitchenconcept.com\/","name":"Kitchen design in Marbella","description":"Minimalist kitchens: renovated classic kitchens: Marbella kitchen renovations: resistant materials for kitchens: functional and aesthetic kitchen: kitchen design support: kitchens for developers: kitchens for decorators and interior designers: high-end kitchens: customized kitchen solutions","publisher":{"@id":"https:\/\/www.novakitchenconcept.com\/#organization"},"potentialAction":[{"@type":"SearchAction","target":{"@type":"EntryPoint","urlTemplate":"https:\/\/www.novakitchenconcept.com\/?s={search_term_string}"},"query-input":{"@type":"PropertyValueSpecification","valueRequired":true,"valueName":"search_term_string"}}],"inLanguage":"en-GB"},{"@type":"Organization","@id":"https:\/\/www.novakitchenconcept.com\/#organization","name":"Kitchen design in Marbella","url":"https:\/\/www.novakitchenconcept.com\/","logo":{"@type":"ImageObject","inLanguage":"en-GB","@id":"https:\/\/www.novakitchenconcept.com\/#\/schema\/logo\/image\/","url":"https:\/\/www.novakitchenconcept.com\/wp-content\/uploads\/2025\/05\/67762ec4-7d1f-46ee-845d-a332b288b8a6.jpg","contentUrl":"https:\/\/www.novakitchenconcept.com\/wp-content\/uploads\/2025\/05\/67762ec4-7d1f-46ee-845d-a332b288b8a6.jpg","width":1528,"height":1080,"caption":"Dise\u00f1o de cocinas en Marbella"},"image":{"@id":"https:\/\/www.novakitchenconcept.com\/#\/schema\/logo\/image\/"}}]}},"_links":{"self":[{"href":"https:\/\/www.novakitchenconcept.com\/en\/wp-json\/wp\/v2\/pages\/3","targetHints":{"allow":["GET"]}}],"collection":[{"href":"https:\/\/www.novakitchenconcept.com\/en\/wp-json\/wp\/v2\/pages"}],"about":[{"href":"https:\/\/www.novakitchenconcept.com\/en\/wp-json\/wp\/v2\/types\/page"}],"author":[{"embeddable":true,"href":"https:\/\/www.novakitchenconcept.com\/en\/wp-json\/wp\/v2\/users\/1"}],"replies":[{"embeddable":true,"href":"https:\/\/www.novakitchenconcept.com\/en\/wp-json\/wp\/v2\/comments?post=3"}],"version-history":[{"count":4,"href":"https:\/\/www.novakitchenconcept.com\/en\/wp-json\/wp\/v2\/pages\/3\/revisions"}],"predecessor-version":[{"id":1411,"href":"https:\/\/www.novakitchenconcept.com\/en\/wp-json\/wp\/v2\/pages\/3\/revisions\/1411"}],"wp:attachment":[{"href":"https:\/\/www.novakitchenconcept.com\/en\/wp-json\/wp\/v2\/media?parent=3"}],"curies":[{"name":"wp","href":"https:\/\/api.w.org\/{rel}","templated":true}]}}