{"id":404,"date":"2025-05-05T08:16:19","date_gmt":"2025-05-05T06:16:19","guid":{"rendered":"https:\/\/www.novakitchenconcept.com\/?page_id=404"},"modified":"2025-08-06T08:12:31","modified_gmt":"2025-08-06T06:12:31","slug":"proyectos-diseno-cocinas-marbella","status":"publish","type":"page","link":"https:\/\/www.novakitchenconcept.com\/en\/proyectos-diseno-cocinas-marbella\/","title":{"rendered":"Projects"},"content":{"rendered":"\t\t<div data-elementor-type=\"wp-page\" data-elementor-id=\"404\" class=\"elementor elementor-404\" data-elementor-post-type=\"page\">\n\t\t\t\t\t\t<section class=\"elementor-section elementor-top-section elementor-element elementor-element-36ad3198 elementor-section-boxed elementor-section-height-default elementor-section-height-default\" data-id=\"36ad3198\" data-element_type=\"section\" data-e-type=\"section\" data-settings=\"{&quot;background_background&quot;:&quot;classic&quot;}\">\n\t\t\t\t\t\t<div class=\"elementor-container elementor-column-gap-no\">\n\t\t\t\t\t<div class=\"elementor-column elementor-col-100 elementor-top-column elementor-element elementor-element-1fc7de80\" data-id=\"1fc7de80\" data-element_type=\"column\" data-e-type=\"column\">\n\t\t\t<div class=\"elementor-widget-wrap elementor-element-populated\">\n\t\t\t\t\t\t<section class=\"elementor-section elementor-inner-section elementor-element elementor-element-2e901d24 elementor-section-content-middle elementor-section-boxed elementor-section-height-default elementor-section-height-default\" data-id=\"2e901d24\" data-element_type=\"section\" data-e-type=\"section\">\n\t\t\t\t\t\t<div class=\"elementor-container elementor-column-gap-no\">\n\t\t\t\t\t<div class=\"elementor-column elementor-col-50 elementor-inner-column elementor-element elementor-element-6acc96f4\" data-id=\"6acc96f4\" data-element_type=\"column\" data-e-type=\"column\">\n\t\t\t<div class=\"elementor-widget-wrap elementor-element-populated\">\n\t\t\t\t\t\t<div class=\"elementor-element elementor-element-083496a elementor-widget elementor-widget-heading\" data-id=\"083496a\" data-element_type=\"widget\" data-e-type=\"widget\" data-widget_type=\"heading.default\">\n\t\t\t\t<div class=\"elementor-widget-container\">\n\t\t\t\t\t<h2 class=\"elementor-heading-title elementor-size-default\">Cocinas con nombre propio<\/h2>\t\t\t\t<\/div>\n\t\t\t\t<\/div>\n\t\t\t\t\t<\/div>\n\t\t<\/div>\n\t\t\t\t<div class=\"elementor-column elementor-col-50 elementor-inner-column elementor-element elementor-element-7060615e\" data-id=\"7060615e\" data-element_type=\"column\" data-e-type=\"column\">\n\t\t\t<div class=\"elementor-widget-wrap\">\n\t\t\t\t\t\t\t<\/div>\n\t\t<\/div>\n\t\t\t\t\t<\/div>\n\t\t<\/section>\n\t\t\t\t<div class=\"elementor-element elementor-element-2e6f6fa elementor-hidden-mobile elementor-hidden-tablet elementor-widget-divider--view-line elementor-widget elementor-widget-divider\" data-id=\"2e6f6fa\" data-element_type=\"widget\" data-e-type=\"widget\" data-widget_type=\"divider.default\">\n\t\t\t\t<div class=\"elementor-widget-container\">\n\t\t\t\t\t\t\t<div class=\"elementor-divider\">\n\t\t\t<span class=\"elementor-divider-separator\">\n\t\t\t\t\t\t<\/span>\n\t\t<\/div>\n\t\t\t\t\t\t<\/div>\n\t\t\t\t<\/div>\n\t\t\t\t\t<\/div>\n\t\t<\/div>\n\t\t\t\t\t<\/div>\n\t\t<\/section>\n\t\t\t\t<section class=\"elementor-section elementor-top-section elementor-element elementor-element-3da192f6 elementor-section-height-min-height elementor-section-items-top elementor-section-boxed elementor-section-height-default\" data-id=\"3da192f6\" data-element_type=\"section\" data-e-type=\"section\" data-settings=\"{&quot;background_background&quot;:&quot;classic&quot;,&quot;background_motion_fx_motion_fx_scrolling&quot;:&quot;yes&quot;,&quot;background_motion_fx_translateY_effect&quot;:&quot;yes&quot;,&quot;background_motion_fx_translateY_speed&quot;:{&quot;unit&quot;:&quot;px&quot;,&quot;size&quot;:3,&quot;sizes&quot;:[]},&quot;background_motion_fx_translateY_affectedRange&quot;:{&quot;unit&quot;:&quot;%&quot;,&quot;size&quot;:&quot;&quot;,&quot;sizes&quot;:{&quot;start&quot;:0,&quot;end&quot;:100}},&quot;background_motion_fx_devices&quot;:[&quot;desktop&quot;,&quot;tablet&quot;,&quot;mobile&quot;]}\">\n\t\t\t\t\t\t\t<div class=\"elementor-background-overlay\"><\/div>\n\t\t\t\t\t\t\t<div class=\"elementor-container elementor-column-gap-no\">\n\t\t\t\t\t<div class=\"elementor-column elementor-col-100 elementor-top-column elementor-element elementor-element-45eda796\" data-id=\"45eda796\" data-element_type=\"column\" data-e-type=\"column\">\n\t\t\t<div class=\"elementor-widget-wrap elementor-element-populated\">\n\t\t\t\t\t\t<div class=\"elementor-element elementor-element-69040be8 elementor-widget elementor-widget-spacer\" data-id=\"69040be8\" data-element_type=\"widget\" data-e-type=\"widget\" data-widget_type=\"spacer.default\">\n\t\t\t\t<div class=\"elementor-widget-container\">\n\t\t\t\t\t\t\t<div class=\"elementor-spacer\">\n\t\t\t<div class=\"elementor-spacer-inner\"><\/div>\n\t\t<\/div>\n\t\t\t\t\t\t<\/div>\n\t\t\t\t<\/div>\n\t\t\t\t\t<\/div>\n\t\t<\/div>\n\t\t\t\t\t<\/div>\n\t\t<\/section>\n\t\t<div class=\"elementor-element elementor-element-363c99f e-flex e-con-boxed e-con e-parent\" data-id=\"363c99f\" data-element_type=\"container\" data-e-type=\"container\">\n\t\t\t\t\t<div class=\"e-con-inner\">\n\t\t\t\t<div class=\"elementor-element elementor-element-8ea6c87 elementor-grid-3 elementor-grid-tablet-2 elementor-grid-mobile-1 elementor-widget elementor-widget-portfolio\" data-id=\"8ea6c87\" data-element_type=\"widget\" data-e-type=\"widget\" data-settings=\"{&quot;row_gap&quot;:{&quot;unit&quot;:&quot;px&quot;,&quot;size&quot;:15,&quot;sizes&quot;:[]},&quot;columns&quot;:&quot;3&quot;,&quot;columns_tablet&quot;:&quot;2&quot;,&quot;columns_mobile&quot;:&quot;1&quot;,&quot;item_ratio&quot;:{&quot;unit&quot;:&quot;px&quot;,&quot;size&quot;:0.66,&quot;sizes&quot;:[]},&quot;item_gap&quot;:{&quot;unit&quot;:&quot;px&quot;,&quot;size&quot;:&quot;&quot;,&quot;sizes&quot;:[]}}\" data-widget_type=\"portfolio.default\">\n\t\t\t\t<div class=\"elementor-widget-container\">\n\t\t\t\t\t\t\t<div class=\"elementor-portfolio elementor-grid elementor-posts-container\" role=\"list\">\n\t\t\t\t<article class=\"elementor-portfolio-item elementor-post  post-1832 post type-post status-publish format-standard has-post-thumbnail hentry category-proyectos-diseno-cocinas-marbella category-proyectos-y-colaboraciones tag-cocina-a-medida tag-cocina-con-isla tag-cocina-en-marbella tag-cocina-luminosa tag-diseno-de-cocinas tag-integracion-de-estilos tag-reforma-cocina tag-soluciones-de-diseno\" role=\"listitem\">\n\t\t\t<a class=\"elementor-post__thumbnail__link\" href=\"https:\/\/www.novakitchenconcept.com\/en\/proyecto-en-altos-reales\/\">\n\t\t\t\t<div class=\"elementor-portfolio-item__img elementor-post__thumbnail\">\n\t\t\t<img decoding=\"async\" width=\"300\" height=\"128\" src=\"https:\/\/www.novakitchenconcept.com\/wp-content\/uploads\/2025\/08\/DSC5754-low-res-1-300x128.jpg\" class=\"attachment-medium size-medium wp-image-1833\" alt=\"\" srcset=\"https:\/\/www.novakitchenconcept.com\/wp-content\/uploads\/2025\/08\/DSC5754-low-res-1-300x128.jpg 300w, https:\/\/www.novakitchenconcept.com\/wp-content\/uploads\/2025\/08\/DSC5754-low-res-1-1024x437.jpg 1024w, https:\/\/www.novakitchenconcept.com\/wp-content\/uploads\/2025\/08\/DSC5754-low-res-1-768x327.jpg 768w, https:\/\/www.novakitchenconcept.com\/wp-content\/uploads\/2025\/08\/DSC5754-low-res-1-1536x655.jpg 1536w, https:\/\/www.novakitchenconcept.com\/wp-content\/uploads\/2025\/08\/DSC5754-low-res-1-18x8.jpg 18w, https:\/\/www.novakitchenconcept.com\/wp-content\/uploads\/2025\/08\/DSC5754-low-res-1.jpg 1920w\" sizes=\"(max-width: 300px) 100vw, 300px\" \/>\t\t<\/div>\n\t\t\t\t<div class=\"elementor-portfolio-item__overlay\">\n\t\t\t\t<h3 class=\"elementor-portfolio-item__title\">\n\t\tProyecto en Altos Reales\t\t<\/h3>\n\t\t\t\t<\/div>\n\t\t\t\t<\/a>\n\t\t<\/article>\n\t\t\t\t<article class=\"elementor-portfolio-item elementor-post  post-1669 post type-post status-publish format-standard has-post-thumbnail hentry category-proyectos-diseno-cocinas-marbella category-proyectos-y-colaboraciones tag-cocina-abierta-al-salon tag-cocina-blanca tag-cocina-con-isla tag-cocina-elegante tag-cocina-minimalista tag-cocina-reformada tag-diseno-de-cocinas-marbella tag-diseno-funcional tag-diseno-tecnico-cocina tag-nova-kitchen-concept\" role=\"listitem\">\n\t\t\t<a class=\"elementor-post__thumbnail__link\" href=\"https:\/\/www.novakitchenconcept.com\/en\/proyecto-en-estepona\/\">\n\t\t\t\t<div class=\"elementor-portfolio-item__img elementor-post__thumbnail\">\n\t\t\t<img fetchpriority=\"high\" decoding=\"async\" width=\"300\" height=\"201\" src=\"https:\/\/www.novakitchenconcept.com\/wp-content\/uploads\/2025\/07\/DSC6088-low-res-300x201.jpg\" class=\"attachment-medium size-medium wp-image-1671\" alt=\"\" srcset=\"https:\/\/www.novakitchenconcept.com\/wp-content\/uploads\/2025\/07\/DSC6088-low-res-300x201.jpg 300w, https:\/\/www.novakitchenconcept.com\/wp-content\/uploads\/2025\/07\/DSC6088-low-res-1024x685.jpg 1024w, https:\/\/www.novakitchenconcept.com\/wp-content\/uploads\/2025\/07\/DSC6088-low-res-768x514.jpg 768w, https:\/\/www.novakitchenconcept.com\/wp-content\/uploads\/2025\/07\/DSC6088-low-res-1536x1028.jpg 1536w, https:\/\/www.novakitchenconcept.com\/wp-content\/uploads\/2025\/07\/DSC6088-low-res.jpg 1614w\" sizes=\"(max-width: 300px) 100vw, 300px\" \/>\t\t<\/div>\n\t\t\t\t<div class=\"elementor-portfolio-item__overlay\">\n\t\t\t\t<h3 class=\"elementor-portfolio-item__title\">\n\t\tProyecto en Estepona\t\t<\/h3>\n\t\t\t\t<\/div>\n\t\t\t\t<\/a>\n\t\t<\/article>\n\t\t\t\t<article class=\"elementor-portfolio-item elementor-post  post-1659 post type-post status-publish format-standard has-post-thumbnail hentry category-proyectos-diseno-cocinas-marbella category-proyectos-y-colaboraciones category-varios-diseno-cocinas-marbella tag-cocina-abierta tag-cocina-ergonomica tag-cocinas-a-medida tag-cocinas-para-familias tag-cocinas-personalizadas tag-diseno-de-cocinas tag-nova-kitchen-concept tag-reforma-cocina-marbella tag-solid-surface\" role=\"listitem\">\n\t\t\t<a class=\"elementor-post__thumbnail__link\" href=\"https:\/\/www.novakitchenconcept.com\/en\/proyecto-en-oasis-de-banus-ii\/\">\n\t\t\t\t<div class=\"elementor-portfolio-item__img elementor-post__thumbnail\">\n\t\t\t<img decoding=\"async\" width=\"300\" height=\"200\" src=\"https:\/\/www.novakitchenconcept.com\/wp-content\/uploads\/2025\/07\/20_02-FILEminimizer-300x200.jpg\" class=\"attachment-medium size-medium wp-image-1663\" alt=\"\" srcset=\"https:\/\/www.novakitchenconcept.com\/wp-content\/uploads\/2025\/07\/20_02-FILEminimizer-300x200.jpg 300w, https:\/\/www.novakitchenconcept.com\/wp-content\/uploads\/2025\/07\/20_02-FILEminimizer-1024x683.jpg 1024w, https:\/\/www.novakitchenconcept.com\/wp-content\/uploads\/2025\/07\/20_02-FILEminimizer-768x512.jpg 768w, https:\/\/www.novakitchenconcept.com\/wp-content\/uploads\/2025\/07\/20_02-FILEminimizer.jpg 1152w\" sizes=\"(max-width: 300px) 100vw, 300px\" \/>\t\t<\/div>\n\t\t\t\t<div class=\"elementor-portfolio-item__overlay\">\n\t\t\t\t<h3 class=\"elementor-portfolio-item__title\">\n\t\tProyecto en Oasis de Ban\u00fas II\t\t<\/h3>\n\t\t\t\t<\/div>\n\t\t\t\t<\/a>\n\t\t<\/article>\n\t\t\t\t<article class=\"elementor-portfolio-item elementor-post  post-1647 post type-post status-publish format-standard has-post-thumbnail hentry category-proyectos-diseno-cocinas-marbella category-proyectos-y-colaboraciones tag-cocina-a-medida tag-cocina-integrada tag-cocina-invisible tag-diseno-de-cocinas-marbella tag-electrodomesticos-ocultos tag-nova-kitchen tag-oasis-de-banus tag-solid-surface\" role=\"listitem\">\n\t\t\t<a class=\"elementor-post__thumbnail__link\" href=\"https:\/\/www.novakitchenconcept.com\/en\/proyecto-en-oasis-de-banus\/\">\n\t\t\t\t<div class=\"elementor-portfolio-item__img elementor-post__thumbnail\">\n\t\t\t<img loading=\"lazy\" decoding=\"async\" width=\"300\" height=\"200\" src=\"https:\/\/www.novakitchenconcept.com\/wp-content\/uploads\/2025\/07\/DSC1289-300x200.jpg\" class=\"attachment-medium size-medium wp-image-1655\" alt=\"\" srcset=\"https:\/\/www.novakitchenconcept.com\/wp-content\/uploads\/2025\/07\/DSC1289-300x200.jpg 300w, https:\/\/www.novakitchenconcept.com\/wp-content\/uploads\/2025\/07\/DSC1289-1024x681.jpg 1024w, https:\/\/www.novakitchenconcept.com\/wp-content\/uploads\/2025\/07\/DSC1289-768x511.jpg 768w, https:\/\/www.novakitchenconcept.com\/wp-content\/uploads\/2025\/07\/DSC1289-1536x1022.jpg 1536w, https:\/\/www.novakitchenconcept.com\/wp-content\/uploads\/2025\/07\/DSC1289-2048x1363.jpg 2048w, https:\/\/www.novakitchenconcept.com\/wp-content\/uploads\/2025\/07\/DSC1289-scaled.jpg 1623w\" sizes=\"(max-width: 300px) 100vw, 300px\" \/>\t\t<\/div>\n\t\t\t\t<div class=\"elementor-portfolio-item__overlay\">\n\t\t\t\t<h3 class=\"elementor-portfolio-item__title\">\n\t\tProyecto en Oasis de Ban\u00fas\t\t<\/h3>\n\t\t\t\t<\/div>\n\t\t\t\t<\/a>\n\t\t<\/article>\n\t\t\t\t<article class=\"elementor-portfolio-item elementor-post  post-1590 post type-post status-publish format-standard has-post-thumbnail hentry category-proyectos-diseno-cocinas-marbella category-proyectos-y-colaboraciones\" role=\"listitem\">\n\t\t\t<a class=\"elementor-post__thumbnail__link\" href=\"https:\/\/www.novakitchenconcept.com\/en\/cocina-abierta-que-respeta-el-espacio-de-todos\/\">\n\t\t\t\t<div class=\"elementor-portfolio-item__img elementor-post__thumbnail\">\n\t\t\t<img loading=\"lazy\" decoding=\"async\" width=\"300\" height=\"200\" src=\"https:\/\/www.novakitchenconcept.com\/wp-content\/uploads\/2025\/07\/015-300x200.webp\" class=\"attachment-medium size-medium wp-image-1613\" alt=\"\" srcset=\"https:\/\/www.novakitchenconcept.com\/wp-content\/uploads\/2025\/07\/015-300x200.webp 300w, https:\/\/www.novakitchenconcept.com\/wp-content\/uploads\/2025\/07\/015-1024x683.webp 1024w, https:\/\/www.novakitchenconcept.com\/wp-content\/uploads\/2025\/07\/015-768x512.webp 768w, https:\/\/www.novakitchenconcept.com\/wp-content\/uploads\/2025\/07\/015-1536x1024.webp 1536w, https:\/\/www.novakitchenconcept.com\/wp-content\/uploads\/2025\/07\/015-2048x1365.webp 2048w\" sizes=\"(max-width: 300px) 100vw, 300px\" \/>\t\t<\/div>\n\t\t\t\t<div class=\"elementor-portfolio-item__overlay\">\n\t\t\t\t<h3 class=\"elementor-portfolio-item__title\">\n\t\tProyecto en La Campana\t\t<\/h3>\n\t\t\t\t<\/div>\n\t\t\t\t<\/a>\n\t\t<\/article>\n\t\t\t\t<article class=\"elementor-portfolio-item elementor-post  post-1366 post type-post status-publish format-standard has-post-thumbnail hentry category-proyectos-diseno-cocinas-marbella category-proyectos-y-colaboraciones tag-cocina-con-isla tag-cocina-para-segunda-residencia tag-cocinas-a-medida tag-cocinas-marbella tag-cocinas-modernas tag-diseno-cocina-madera tag-madera-natural tag-nova-kitchen-concept tag-proyectos-de-cocina tag-reforma-villa\" role=\"listitem\">\n\t\t\t<a class=\"elementor-post__thumbnail__link\" href=\"https:\/\/www.novakitchenconcept.com\/en\/proyecto-nueva-andalucia\/\">\n\t\t\t\t<div class=\"elementor-portfolio-item__img elementor-post__thumbnail\">\n\t\t\t<img loading=\"lazy\" decoding=\"async\" width=\"300\" height=\"200\" src=\"https:\/\/www.novakitchenconcept.com\/wp-content\/uploads\/2025\/06\/001-300x200.jpg\" class=\"attachment-medium size-medium wp-image-1367\" alt=\"\" srcset=\"https:\/\/www.novakitchenconcept.com\/wp-content\/uploads\/2025\/06\/001-300x200.jpg 300w, https:\/\/www.novakitchenconcept.com\/wp-content\/uploads\/2025\/06\/001-1024x683.jpg 1024w, https:\/\/www.novakitchenconcept.com\/wp-content\/uploads\/2025\/06\/001-768x512.jpg 768w, https:\/\/www.novakitchenconcept.com\/wp-content\/uploads\/2025\/06\/001-1536x1024.jpg 1536w, https:\/\/www.novakitchenconcept.com\/wp-content\/uploads\/2025\/06\/001-2048x1365.jpg 2048w, https:\/\/www.novakitchenconcept.com\/wp-content\/uploads\/2025\/06\/001-scaled.jpg 1620w\" sizes=\"(max-width: 300px) 100vw, 300px\" \/>\t\t<\/div>\n\t\t\t\t<div class=\"elementor-portfolio-item__overlay\">\n\t\t\t\t<h3 class=\"elementor-portfolio-item__title\">\n\t\tProyecto Nueva Andaluc\u00eda\t\t<\/h3>\n\t\t\t\t<\/div>\n\t\t\t\t<\/a>\n\t\t<\/article>\n\t\t\t\t<\/div>\n\t\t\t\t\t\t<\/div>\n\t\t\t\t<\/div>\n\t\t\t\t\t<\/div>\n\t\t\t\t<\/div>\n\t\t\t\t<\/div>\n\t\t","protected":false},"excerpt":{"rendered":"<p>Kitchens with their own name<\/p>","protected":false},"author":1,"featured_media":0,"parent":0,"menu_order":0,"comment_status":"closed","ping_status":"closed","template":"elementor_header_footer","meta":{"footnotes":""},"class_list":["post-404","page","type-page","status-publish","hentry"],"yoast_head":"<!-- This site is optimized with the Yoast SEO plugin v27.1.1 - https:\/\/yoast.com\/product\/yoast-seo-wordpress\/ -->\n<title>Cocinas reales dise\u00f1adas en Marbella | Proyectos Nova Kitchen<\/title>\n<meta name=\"description\" content=\"Descubre cocinas reales dise\u00f1adas a medida en Marbella. Proyectos funcionales, duraderos y pensados contigo desde el primer d\u00eda.\" \/>\n<meta name=\"robots\" content=\"index, follow, max-snippet:-1, max-image-preview:large, max-video-preview:-1\" \/>\n<link rel=\"canonical\" href=\"https:\/\/www.novakitchenconcept.com\/en\/proyectos-diseno-cocinas-marbella\/\" \/>\n<meta property=\"og:locale\" content=\"en_GB\" \/>\n<meta property=\"og:type\" content=\"article\" \/>\n<meta property=\"og:title\" content=\"Cocinas reales dise\u00f1adas en Marbella | Proyectos Nova Kitchen\" \/>\n<meta property=\"og:description\" content=\"Descubre cocinas reales dise\u00f1adas a medida en Marbella. Proyectos funcionales, duraderos y pensados contigo desde el primer d\u00eda.\" \/>\n<meta property=\"og:url\" content=\"https:\/\/www.novakitchenconcept.com\/en\/proyectos-diseno-cocinas-marbella\/\" \/>\n<meta property=\"og:site_name\" content=\"Dise\u00f1o de cocinas en Marbella\" \/>\n<meta property=\"article:modified_time\" content=\"2025-08-06T06:12:31+00:00\" \/>\n<meta name=\"twitter:card\" content=\"summary_large_image\" \/>\n<meta name=\"twitter:label1\" content=\"Estimated reading time\" \/>\n\t<meta name=\"twitter:data1\" content=\"2 minutes\" \/>\n<script type=\"application\/ld+json\" class=\"yoast-schema-graph\">{\"@context\":\"https:\/\/schema.org\",\"@graph\":[{\"@type\":\"WebPage\",\"@id\":\"https:\/\/www.novakitchenconcept.com\/proyectos-diseno-cocinas-marbella\/\",\"url\":\"https:\/\/www.novakitchenconcept.com\/proyectos-diseno-cocinas-marbella\/\",\"name\":\"Cocinas reales dise\u00f1adas en Marbella | Proyectos Nova Kitchen\",\"isPartOf\":{\"@id\":\"https:\/\/www.novakitchenconcept.com\/#website\"},\"datePublished\":\"2025-05-05T06:16:19+00:00\",\"dateModified\":\"2025-08-06T06:12:31+00:00\",\"description\":\"Descubre cocinas reales dise\u00f1adas a medida en Marbella. Proyectos funcionales, duraderos y pensados contigo desde el primer d\u00eda.\",\"breadcrumb\":{\"@id\":\"https:\/\/www.novakitchenconcept.com\/proyectos-diseno-cocinas-marbella\/#breadcrumb\"},\"inLanguage\":\"en-GB\",\"potentialAction\":[{\"@type\":\"ReadAction\",\"target\":[\"https:\/\/www.novakitchenconcept.com\/proyectos-diseno-cocinas-marbella\/\"]}]},{\"@type\":\"BreadcrumbList\",\"@id\":\"https:\/\/www.novakitchenconcept.com\/proyectos-diseno-cocinas-marbella\/#breadcrumb\",\"itemListElement\":[{\"@type\":\"ListItem\",\"position\":1,\"name\":\"Portada\",\"item\":\"https:\/\/www.novakitchenconcept.com\/\"},{\"@type\":\"ListItem\",\"position\":2,\"name\":\"Proyectos\"}]},{\"@type\":\"WebSite\",\"@id\":\"https:\/\/www.novakitchenconcept.com\/#website\",\"url\":\"https:\/\/www.novakitchenconcept.com\/\",\"name\":\"Dise\u00f1o de cocinas en Marbella\",\"description\":\"cocinas minimalistas : cocinas cl\u00e1sicas reformadas : reformas de cocina Marbella : materiales resistentes para cocinas : cocina funcional y est\u00e9tica : acompa\u00f1amiento en dise\u00f1o de cocina : cocinas para promotores : cocinas para decoradores e interioristas : cocinas de alta gama : soluciones de cocina personalizadas\",\"publisher\":{\"@id\":\"https:\/\/www.novakitchenconcept.com\/#organization\"},\"potentialAction\":[{\"@type\":\"SearchAction\",\"target\":{\"@type\":\"EntryPoint\",\"urlTemplate\":\"https:\/\/www.novakitchenconcept.com\/?s={search_term_string}\"},\"query-input\":{\"@type\":\"PropertyValueSpecification\",\"valueRequired\":true,\"valueName\":\"search_term_string\"}}],\"inLanguage\":\"en-GB\"},{\"@type\":\"Organization\",\"@id\":\"https:\/\/www.novakitchenconcept.com\/#organization\",\"name\":\"Dise\u00f1o de cocinas en Marbella\",\"url\":\"https:\/\/www.novakitchenconcept.com\/\",\"logo\":{\"@type\":\"ImageObject\",\"inLanguage\":\"en-GB\",\"@id\":\"https:\/\/www.novakitchenconcept.com\/#\/schema\/logo\/image\/\",\"url\":\"https:\/\/www.novakitchenconcept.com\/wp-content\/uploads\/2025\/05\/67762ec4-7d1f-46ee-845d-a332b288b8a6.jpg\",\"contentUrl\":\"https:\/\/www.novakitchenconcept.com\/wp-content\/uploads\/2025\/05\/67762ec4-7d1f-46ee-845d-a332b288b8a6.jpg\",\"width\":1528,\"height\":1080,\"caption\":\"Dise\u00f1o de cocinas en Marbella\"},\"image\":{\"@id\":\"https:\/\/www.novakitchenconcept.com\/#\/schema\/logo\/image\/\"}}]}<\/script>\n<!-- \/ Yoast SEO plugin. -->","yoast_head_json":{"title":"Cocinas reales dise\u00f1adas en Marbella | Proyectos Nova Kitchen","description":"Descubre cocinas reales dise\u00f1adas a medida en Marbella. Proyectos funcionales, duraderos y pensados contigo desde el primer d\u00eda.","robots":{"index":"index","follow":"follow","max-snippet":"max-snippet:-1","max-image-preview":"max-image-preview:large","max-video-preview":"max-video-preview:-1"},"canonical":"https:\/\/www.novakitchenconcept.com\/en\/proyectos-diseno-cocinas-marbella\/","og_locale":"en_GB","og_type":"article","og_title":"Cocinas reales dise\u00f1adas en Marbella | Proyectos Nova Kitchen","og_description":"Descubre cocinas reales dise\u00f1adas a medida en Marbella. Proyectos funcionales, duraderos y pensados contigo desde el primer d\u00eda.","og_url":"https:\/\/www.novakitchenconcept.com\/en\/proyectos-diseno-cocinas-marbella\/","og_site_name":"Dise\u00f1o de cocinas en Marbella","article_modified_time":"2025-08-06T06:12:31+00:00","twitter_card":"summary_large_image","twitter_misc":{"Estimated reading time":"2 minutes"},"schema":{"@context":"https:\/\/schema.org","@graph":[{"@type":"WebPage","@id":"https:\/\/www.novakitchenconcept.com\/proyectos-diseno-cocinas-marbella\/","url":"https:\/\/www.novakitchenconcept.com\/proyectos-diseno-cocinas-marbella\/","name":"Cocinas reales dise\u00f1adas en Marbella | Proyectos Nova Kitchen","isPartOf":{"@id":"https:\/\/www.novakitchenconcept.com\/#website"},"datePublished":"2025-05-05T06:16:19+00:00","dateModified":"2025-08-06T06:12:31+00:00","description":"Descubre cocinas reales dise\u00f1adas a medida en Marbella. Proyectos funcionales, duraderos y pensados contigo desde el primer d\u00eda.","breadcrumb":{"@id":"https:\/\/www.novakitchenconcept.com\/proyectos-diseno-cocinas-marbella\/#breadcrumb"},"inLanguage":"en-GB","potentialAction":[{"@type":"ReadAction","target":["https:\/\/www.novakitchenconcept.com\/proyectos-diseno-cocinas-marbella\/"]}]},{"@type":"BreadcrumbList","@id":"https:\/\/www.novakitchenconcept.com\/proyectos-diseno-cocinas-marbella\/#breadcrumb","itemListElement":[{"@type":"ListItem","position":1,"name":"Portada","item":"https:\/\/www.novakitchenconcept.com\/"},{"@type":"ListItem","position":2,"name":"Proyectos"}]},{"@type":"WebSite","@id":"https:\/\/www.novakitchenconcept.com\/#website","url":"https:\/\/www.novakitchenconcept.com\/","name":"Kitchen design in Marbella","description":"Minimalist kitchens: renovated classic kitchens: Marbella kitchen renovations: resistant materials for kitchens: functional and aesthetic kitchen: kitchen design support: kitchens for developers: kitchens for decorators and interior designers: high-end kitchens: customized kitchen solutions","publisher":{"@id":"https:\/\/www.novakitchenconcept.com\/#organization"},"potentialAction":[{"@type":"SearchAction","target":{"@type":"EntryPoint","urlTemplate":"https:\/\/www.novakitchenconcept.com\/?s={search_term_string}"},"query-input":{"@type":"PropertyValueSpecification","valueRequired":true,"valueName":"search_term_string"}}],"inLanguage":"en-GB"},{"@type":"Organization","@id":"https:\/\/www.novakitchenconcept.com\/#organization","name":"Kitchen design in Marbella","url":"https:\/\/www.novakitchenconcept.com\/","logo":{"@type":"ImageObject","inLanguage":"en-GB","@id":"https:\/\/www.novakitchenconcept.com\/#\/schema\/logo\/image\/","url":"https:\/\/www.novakitchenconcept.com\/wp-content\/uploads\/2025\/05\/67762ec4-7d1f-46ee-845d-a332b288b8a6.jpg","contentUrl":"https:\/\/www.novakitchenconcept.com\/wp-content\/uploads\/2025\/05\/67762ec4-7d1f-46ee-845d-a332b288b8a6.jpg","width":1528,"height":1080,"caption":"Dise\u00f1o de cocinas en Marbella"},"image":{"@id":"https:\/\/www.novakitchenconcept.com\/#\/schema\/logo\/image\/"}}]}},"_links":{"self":[{"href":"https:\/\/www.novakitchenconcept.com\/en\/wp-json\/wp\/v2\/pages\/404","targetHints":{"allow":["GET"]}}],"collection":[{"href":"https:\/\/www.novakitchenconcept.com\/en\/wp-json\/wp\/v2\/pages"}],"about":[{"href":"https:\/\/www.novakitchenconcept.com\/en\/wp-json\/wp\/v2\/types\/page"}],"author":[{"embeddable":true,"href":"https:\/\/www.novakitchenconcept.com\/en\/wp-json\/wp\/v2\/users\/1"}],"replies":[{"embeddable":true,"href":"https:\/\/www.novakitchenconcept.com\/en\/wp-json\/wp\/v2\/comments?post=404"}],"version-history":[{"count":56,"href":"https:\/\/www.novakitchenconcept.com\/en\/wp-json\/wp\/v2\/pages\/404\/revisions"}],"predecessor-version":[{"id":1813,"href":"https:\/\/www.novakitchenconcept.com\/en\/wp-json\/wp\/v2\/pages\/404\/revisions\/1813"}],"wp:attachment":[{"href":"https:\/\/www.novakitchenconcept.com\/en\/wp-json\/wp\/v2\/media?parent=404"}],"curies":[{"name":"wp","href":"https:\/\/api.w.org\/{rel}","templated":true}]}}